    {"id":1316,"date":"2017-02-11T11:57:06","date_gmt":"2017-02-11T11:57:06","guid":{"rendered":"http:\/\/kaltenecker-haus.com\/?page_id=1316"},"modified":"2026-01-18T18:14:54","modified_gmt":"2026-01-18T17:14:54","slug":"hjem","status":"publish","type":"page","link":"https:\/\/kaltenecker-haus.com\/?page_id=1316&lang=nb","title":{"rendered":"no_Hjem"},"content":{"rendered":"<h1 class=\"r\" style=\"text-align: center;\"><strong>Velkommen til v\u00e5rt nettside!<\/strong><\/h1>\n<h3 style=\"text-align: center;\"><em>V\u00e5r hjemmeside er laget spesielt for dere, som har tenkt til \u00e5 reise til Balatonf\u00fc<\/em><em>red. Vi oppdaterer hjemmesiden v\u00e5r jevnlig slik dere f\u00e5r alltid\u00a0 aktuelle informasjon.<\/em><\/h3>\n<blockquote><p><span class=\"drop-caps\">K<\/span>altenecker-Huset har flere luftkondisjonerte leiligheter, og flere &#8220;Rom med bad&#8221;. Vi har leiligheter som rommer 2-3-4-5 grupper av mennesker, s\u00e5 vi kan im\u00f8tekomme fra en person opp til en st\u00f8rre gruppe. Leilighetene har mini-kj\u00f8kken, og i &#8220;Rom med bad&#8221; har vi kj\u00f8leskap, mikrob\u00f8lgeovn, vannkoker, kaffetrakter og servise. Alle soverom har terrasse eller balkong, og kabel-TV. Omtrent 700 m fra stranden\/brygga. Handlemuligheter, restaurant 300 m, sentrum: ca. 800 m.<\/p><\/blockquote>\n\t\n    <script src=\"http:\/\/ajax.googleapis.com\/ajax\/libs\/webfont\/1\/webfont.js\"><\/script>\n    <script type=\"text\/javascript\">\n\tWebFont.load({\n\t\tgoogle: {\n\t\tfamilies: ['Arial'] \/\/ saved value\n\t\t}\n\t});\n    <\/script>\n\n    <style>\n    #lbsp_991 .b-link-fade .b-wrapper,#lbsp_991 .b-link-fade .b-top-line{\n        background: rgba(201, 201, 201, 0.3);\n    }\n    #lbsp_991 .b-link-flow .b-wrapper,#lbsp_991 .b-link-flow .b-top-line{\n        background: rgba(201, 201, 201, 0.3);\n    }\n    #lbsp_991 .b-link-stroke .b-top-line{\n        background: rgba(201, 201, 201, 0.3);\n    }\n    #lbsp_991 .b-link-stroke .b-bottom-line{\n        background: rgba(201, 201, 201, 0.3);\n    }\n\n    #lbsp_991 .b-link-box .b-top-line{\n\n        border: 16px solid rgba(201, 201, 201, 0.3);\n    }\n    #lbsp_991 .b-link-box .b-bottom-line{\n        background: rgba(201, 201, 201, 0.3);\n    }\n    #lbsp_991 .b-link-stripe .b-line{\n        background: rgba(201, 201, 201, 0.3);\n    }\n    #lbsp_991 .b-link-apart-horisontal .b-top-line,#lbsp_991 .b-link-apart-horisontal .b-top-line-up{\n        background: rgba(201, 201, 201, 0.3);\n\n    }\n    #lbsp_991 .b-link-apart-horisontal .b-bottom-line,#lbsp_991 .b-link-apart-horisontal .b-bottom-line-up{\n        background: rgba(201, 201, 201, 0.3);\n    }\n    #lbsp_991 .b-link-apart-vertical .b-top-line,#lbsp_991 .b-link-apart-vertical .b-top-line-up{\n        background: rgba(201, 201, 201, 0.3);\n    }\n    #lbsp_991 .b-link-apart-vertical .b-bottom-line,#lbsp_991 .b-link-apart-vertical .b-bottom-line-up{\n        background: rgba(201, 201, 201, 0.3);\n    }\n    #lbsp_991 .b-link-diagonal .b-line{\n        background: rgba(201, 201, 201, 0.3);\n    }\n\n    #lbsp_991 .b-wrapper{\n        font-family:Arial; \/\/ real name pass here\n    }\n\t@media (min-width: 992px){\n\t\t#lbsp_991 .col-md-6 {\n\t\t\twidth: 49.97% !important;\n\t\t}\n\t\t#lbsp_991 .col-md-4 {\n\t\t\twidth: 33.30% !important;\n\t\t}\n\t\t#lbsp_991 .col-md-3 {\n\t\t\twidth: 24.90% !important;\n\t\t}\n\t\t#lbsp_991 .col-md-2 {\n\t\t\twidth: 16.60% !important;\n\t\t}\n\t}\n\timg {\n\t\tmax-width:1600px !important;\n\t}\n\t\n\t#lbsp_991 .lbsp_home_portfolio_caption{\n\t\tbackground:#FFFFFF;\n\t}\n\t#lbsp_991 .lbsp_home_portfolio_caption h3{\n\t\tcolor:#000000;\n\t}\n\t#lbsp_991 .fa{\n\t\tcolor:#FFFFFF!important;\n\t}\n\t\t#lbsp_991 .img-box-shadow{\n\t\tbox-shadow: 0 0 6px rgba(0,0,0,.7);\n\t}\n\t\t\n\t    <\/style>\n\n    \n    <div  class=\"gal-container \" id=\"lbsp_991\">\n\t\t\t\t\t<!--get the post id-->\n\t\t\t\t\t\t\t\t\t<div style=\"display:block;float:left\">\n\t\t\t\n\t\t\t\t<!--Gallery Title-->\n\t\t\t\t\t\t\t\t\n\t\t\t\t<div class=\"\">\n\t\t\t\t\t\t\t\t\t\t\t<div class=\"col-md-4 col-sm-6 wl-gallery\" >\n\t\t\t\t\t\t\t<div class=\"img-box-shadow\">\n\t\t\t\t\t\t\t\t\t\t\t\t\t\t\t\t\t<a title=\"\" class=\"fancybox\" data-fancybox-group=\"gallery\"  href=\"https:\/\/kaltenecker-haus.com\/wp-content\/uploads\/2020\/06\/Main_Site_01-3.jpg\">\n\t\t\t\t\t\t\t\t\t\t\t<img decoding=\"async\" src=\"https:\/\/kaltenecker-haus.com\/wp-content\/uploads\/2020\/06\/Main_Site_01-3-400x400.jpg\" class=\"gall-img-responsive\" style=\"display:none !important; visibility:hidden\" alt=\"\">\n\t\t\t\t\t\t\t\t\t\t\t<div class=\"b-link-flow b-animate-go\">\n\t\t\t\t\t\t\t\t\t\t\t\t<img decoding=\"async\" src=\"https:\/\/kaltenecker-haus.com\/wp-content\/uploads\/2020\/06\/Main_Site_01-3-400x400.jpg\" class=\"gall-img-responsive\" alt=\"\">\n\t\t\t\t\t\t\t\t\t\t\t<\/div>\n\t\t\t\t\t\t\t\t\t\t<\/a>\n\t\t\t\t\t\t\t\t\t\t\t\t\t\t\t\t\t\t\n\t\t\t\t\t\t\t\t\n\t\t\t\t\t\t\t\t<!--Gallery Label-->\n\t\t\t\t\t\t\t\t\t\t\t\t\t\t\t<\/div>\n\t\t\t\t\t\t<\/div>\n\t\t\t\t\t\t\t\t\t\t\t\t<div class=\"col-md-4 col-sm-6 wl-gallery\" >\n\t\t\t\t\t\t\t<div class=\"img-box-shadow\">\n\t\t\t\t\t\t\t\t\t\t\t\t\t\t\t\t\t<a title=\"\" class=\"fancybox\" data-fancybox-group=\"gallery\"  href=\"https:\/\/kaltenecker-haus.com\/wp-content\/uploads\/2017\/01\/Main_Site_02.jpg\">\n\t\t\t\t\t\t\t\t\t\t\t<img decoding=\"async\" src=\"https:\/\/kaltenecker-haus.com\/wp-content\/uploads\/2017\/01\/Main_Site_02-400x400.jpg\" class=\"gall-img-responsive\" style=\"display:none !important; visibility:hidden\" alt=\"\">\n\t\t\t\t\t\t\t\t\t\t\t<div class=\"b-link-flow b-animate-go\">\n\t\t\t\t\t\t\t\t\t\t\t\t<img decoding=\"async\" src=\"https:\/\/kaltenecker-haus.com\/wp-content\/uploads\/2017\/01\/Main_Site_02-400x400.jpg\" class=\"gall-img-responsive\" alt=\"\">\n\t\t\t\t\t\t\t\t\t\t\t<\/div>\n\t\t\t\t\t\t\t\t\t\t<\/a>\n\t\t\t\t\t\t\t\t\t\t\t\t\t\t\t\t\t\t\n\t\t\t\t\t\t\t\t\n\t\t\t\t\t\t\t\t<!--Gallery Label-->\n\t\t\t\t\t\t\t\t\t\t\t\t\t\t\t<\/div>\n\t\t\t\t\t\t<\/div>\n\t\t\t\t\t\t\t\t\t\t\t\t<div class=\"col-md-4 col-sm-6 wl-gallery\" >\n\t\t\t\t\t\t\t<div class=\"img-box-shadow\">\n\t\t\t\t\t\t\t\t\t\t\t\t\t\t\t\t\t<a title=\"\" class=\"fancybox\" data-fancybox-group=\"gallery\"  href=\"https:\/\/kaltenecker-haus.com\/wp-content\/uploads\/2017\/01\/Main_Site_03-1.jpg\">\n\t\t\t\t\t\t\t\t\t\t\t<img decoding=\"async\" src=\"https:\/\/kaltenecker-haus.com\/wp-content\/uploads\/2017\/01\/Main_Site_03-1-400x400.jpg\" class=\"gall-img-responsive\" style=\"display:none !important; visibility:hidden\" alt=\"\">\n\t\t\t\t\t\t\t\t\t\t\t<div class=\"b-link-flow b-animate-go\">\n\t\t\t\t\t\t\t\t\t\t\t\t<img decoding=\"async\" src=\"https:\/\/kaltenecker-haus.com\/wp-content\/uploads\/2017\/01\/Main_Site_03-1-400x400.jpg\" class=\"gall-img-responsive\" alt=\"\">\n\t\t\t\t\t\t\t\t\t\t\t<\/div>\n\t\t\t\t\t\t\t\t\t\t<\/a>\n\t\t\t\t\t\t\t\t\t\t\t\t\t\t\t\t\t\t\n\t\t\t\t\t\t\t\t\n\t\t\t\t\t\t\t\t<!--Gallery Label-->\n\t\t\t\t\t\t\t\t\t\t\t\t\t\t\t<\/div>\n\t\t\t\t\t\t<\/div>\n\t\t\t\t\t\t\t\t\t\t<\/div>\n\t\t\t\t\t\t<\/div>\n\t\t\t\t\n\t\t    <\/div>\n\n\t<!-- Photo box-->\n    \t\n\t\n\t<!-- Swipe Box-->\n\t\t\n\t<!-- Ion box-->\n\t\t\n\t\n\t<!-- Fancy box-->\n\t\t<script type=\"text\/javascript\">\n\tjQuery(document).ready(function() {\n\t\tjQuery('.fancybox').fancybox();\n\t});\n\t<\/script>\n\t\t\t\n        \n<div><\/div>\n<div>\n<div class=\"columns-wrapper\">\n<blockquote><p><span class=\"drop-caps\">B<\/span>alatonf\u00fcred er en verdenskjent kur- og bade resort p\u00e5 nordsiden av Balaton sj\u00f8en. All mulig vannsport, sykkelterreng, markerte gangstier,\u00a0 ballspill og andre sportmuligheter kombineres godt til en badeferie. Steder i n\u00e6rheten til \u00e5 utforske: Peninsula Tihany, Si\u00f3fok, Keszthely, H\u00e9v\u00edz, Veszpr\u00e9m og flere gamle slott.<\/p><\/blockquote>\n<\/div>\n<\/div>\n<div class=\"columns-wrapper\">\n<div class=\"three-columns\">\n<p style=\"text-align: center;\"><strong>Avstander<\/strong><\/p>\n<p style=\"text-align: center;\">Strand 700 m<br \/>\nFlyplass 45 km<br \/>\nRestaurant 300 m<br \/>\nHandlemuligheter 300 m<br \/>\nLegekontor\/apotek 1 km<br \/>\nJernbanestasjon 1 km<\/p>\n<\/div>\n<div class=\"three-columns\">\n<p style=\"text-align: center;\"><strong>Rom<\/strong><\/p>\n<p style=\"text-align: center;\">8 Soverom<br \/>\n8 Baderom<br \/>\n8 Toiletter<br \/>\n2 Kj\u00f8kken<br \/>\n1 Trapp<\/p>\n<\/div>\n<div class=\"three-columns nomargin\">\n<p style=\"text-align: center;\"><strong>Annet<\/strong><\/p>\n<p style=\"text-align: center;\">Balkong eller terrasse<br \/>\nOppbevaring og leie av sykkel<br \/>\nHagem\u00f8bler<br \/>\n<span class=\"hihglight2\">Parkeringsplasser<\/span><br \/>\nPaviljong<\/p>\n<\/div>\n<\/div>\n<div class=\"columns-wrapper\">\n<div class=\"two-columns\">\n<p><span class=\"drop-caps\">F<\/span>isking, hang gliding, bading, minigolf, sykling, hesteridning, sv\u00f8mming, seiling, leie av seilb\u00e5t, seilekurs, shopping, surfing, tennis, spa og termalbad, hiking, vannski, vin smaking, zoo.<\/p>\n<p>Kj\u00e6ledyr ved foresp\u00f8rsel.<\/p>\n<\/div>\n\t\n    <script src=\"http:\/\/ajax.googleapis.com\/ajax\/libs\/webfont\/1\/webfont.js\"><\/script>\n    <script type=\"text\/javascript\">\n\tWebFont.load({\n\t\tgoogle: {\n\t\tfamilies: ['Arial'] \/\/ saved value\n\t\t}\n\t});\n    <\/script>\n\n    <style>\n    #lbsp_1113 .b-link-fade .b-wrapper,#lbsp_1113 .b-link-fade .b-top-line{\n        background: rgba(181, 181, 181, 0.5);\n    }\n    #lbsp_1113 .b-link-flow .b-wrapper,#lbsp_1113 .b-link-flow .b-top-line{\n        background: rgba(181, 181, 181, 0.5);\n    }\n    #lbsp_1113 .b-link-stroke .b-top-line{\n        background: rgba(181, 181, 181, 0.5);\n    }\n    #lbsp_1113 .b-link-stroke .b-bottom-line{\n        background: rgba(181, 181, 181, 0.5);\n    }\n\n    #lbsp_1113 .b-link-box .b-top-line{\n\n        border: 16px solid rgba(181, 181, 181, 0.5);\n    }\n    #lbsp_1113 .b-link-box .b-bottom-line{\n        background: rgba(181, 181, 181, 0.5);\n    }\n    #lbsp_1113 .b-link-stripe .b-line{\n        background: rgba(181, 181, 181, 0.5);\n    }\n    #lbsp_1113 .b-link-apart-horisontal .b-top-line,#lbsp_1113 .b-link-apart-horisontal .b-top-line-up{\n        background: rgba(181, 181, 181, 0.5);\n\n    }\n    #lbsp_1113 .b-link-apart-horisontal .b-bottom-line,#lbsp_1113 .b-link-apart-horisontal .b-bottom-line-up{\n        background: rgba(181, 181, 181, 0.5);\n    }\n    #lbsp_1113 .b-link-apart-vertical .b-top-line,#lbsp_1113 .b-link-apart-vertical .b-top-line-up{\n        background: rgba(181, 181, 181, 0.5);\n    }\n    #lbsp_1113 .b-link-apart-vertical .b-bottom-line,#lbsp_1113 .b-link-apart-vertical .b-bottom-line-up{\n        background: rgba(181, 181, 181, 0.5);\n    }\n    #lbsp_1113 .b-link-diagonal .b-line{\n        background: rgba(181, 181, 181, 0.5);\n    }\n\n    #lbsp_1113 .b-wrapper{\n        font-family:Arial; \/\/ real name pass here\n    }\n\t@media (min-width: 992px){\n\t\t#lbsp_1113 .col-md-6 {\n\t\t\twidth: 49.97% !important;\n\t\t}\n\t\t#lbsp_1113 .col-md-4 {\n\t\t\twidth: 33.30% !important;\n\t\t}\n\t\t#lbsp_1113 .col-md-3 {\n\t\t\twidth: 24.90% !important;\n\t\t}\n\t\t#lbsp_1113 .col-md-2 {\n\t\t\twidth: 16.60% !important;\n\t\t}\n\t}\n\timg {\n\t\tmax-width:1600px !important;\n\t}\n\t\n\t#lbsp_1113 .lbsp_home_portfolio_caption{\n\t\tbackground:#FFFFFF;\n\t}\n\t#lbsp_1113 .lbsp_home_portfolio_caption h3{\n\t\tcolor:#000000;\n\t}\n\t#lbsp_1113 .fa{\n\t\tcolor:#FFFFFF!important;\n\t}\n\t\t#lbsp_1113 .img-box-shadow{\n\t\tbox-shadow: 0 0 6px rgba(0,0,0,.7);\n\t}\n\t\t\n\t    <\/style>\n\n    \n    <div  class=\"gal-container \" id=\"lbsp_1113\">\n\t\t\t\t\t<!--get the post id-->\n\t\t\t\t\t\t\t\t\t<div style=\"display:block;float:left\">\n\t\t\t\n\t\t\t\t<!--Gallery Title-->\n\t\t\t\t\t\t\t\t\n\t\t\t\t<div class=\"\">\n\t\t\t\t\t\t\t\t\t\t\t<div class=\"col-md-4 col-sm-6 wl-gallery\" >\n\t\t\t\t\t\t\t<div class=\"img-box-shadow\">\n\t\t\t\t\t\t\t\t\t\t\t\t\t\t\t\t\t<a title=\"\" class=\"fancybox\" data-fancybox-group=\"gallery\"  href=\"https:\/\/kaltenecker-haus.com\/wp-content\/uploads\/2017\/02\/Main_Site_04.jpg\">\n\t\t\t\t\t\t\t\t\t\t\t<img decoding=\"async\" src=\"https:\/\/kaltenecker-haus.com\/wp-content\/uploads\/2017\/02\/Main_Site_04-400x400.jpg\" class=\"gall-img-responsive\" style=\"display:none !important; visibility:hidden\" alt=\"\">\n\t\t\t\t\t\t\t\t\t\t\t<div class=\"b-link-flow b-animate-go\">\n\t\t\t\t\t\t\t\t\t\t\t\t<img decoding=\"async\" src=\"https:\/\/kaltenecker-haus.com\/wp-content\/uploads\/2017\/02\/Main_Site_04-400x400.jpg\" class=\"gall-img-responsive\" alt=\"\">\n\t\t\t\t\t\t\t\t\t\t\t<\/div>\n\t\t\t\t\t\t\t\t\t\t<\/a>\n\t\t\t\t\t\t\t\t\t\t\t\t\t\t\t\t\t\t\n\t\t\t\t\t\t\t\t\n\t\t\t\t\t\t\t\t<!--Gallery Label-->\n\t\t\t\t\t\t\t\t\t\t\t\t\t\t\t<\/div>\n\t\t\t\t\t\t<\/div>\n\t\t\t\t\t\t\t\t\t\t\t\t<div class=\"col-md-4 col-sm-6 wl-gallery\" >\n\t\t\t\t\t\t\t<div class=\"img-box-shadow\">\n\t\t\t\t\t\t\t\t\t\t\t\t\t\t\t\t\t<a title=\"\" class=\"fancybox\" data-fancybox-group=\"gallery\"  href=\"https:\/\/kaltenecker-haus.com\/wp-content\/uploads\/2017\/02\/Main_Site_05.jpg\">\n\t\t\t\t\t\t\t\t\t\t\t<img decoding=\"async\" src=\"https:\/\/kaltenecker-haus.com\/wp-content\/uploads\/2017\/02\/Main_Site_05-400x400.jpg\" class=\"gall-img-responsive\" style=\"display:none !important; visibility:hidden\" alt=\"\">\n\t\t\t\t\t\t\t\t\t\t\t<div class=\"b-link-flow b-animate-go\">\n\t\t\t\t\t\t\t\t\t\t\t\t<img decoding=\"async\" src=\"https:\/\/kaltenecker-haus.com\/wp-content\/uploads\/2017\/02\/Main_Site_05-400x400.jpg\" class=\"gall-img-responsive\" alt=\"\">\n\t\t\t\t\t\t\t\t\t\t\t<\/div>\n\t\t\t\t\t\t\t\t\t\t<\/a>\n\t\t\t\t\t\t\t\t\t\t\t\t\t\t\t\t\t\t\n\t\t\t\t\t\t\t\t\n\t\t\t\t\t\t\t\t<!--Gallery Label-->\n\t\t\t\t\t\t\t\t\t\t\t\t\t\t\t<\/div>\n\t\t\t\t\t\t<\/div>\n\t\t\t\t\t\t\t\t\t\t\t\t<div class=\"col-md-4 col-sm-6 wl-gallery\" >\n\t\t\t\t\t\t\t<div class=\"img-box-shadow\">\n\t\t\t\t\t\t\t\t\t\t\t\t\t\t\t\t\t<a title=\"\" class=\"fancybox\" data-fancybox-group=\"gallery\"  href=\"https:\/\/kaltenecker-haus.com\/wp-content\/uploads\/2017\/02\/Main_Site_06.jpg\">\n\t\t\t\t\t\t\t\t\t\t\t<img decoding=\"async\" src=\"https:\/\/kaltenecker-haus.com\/wp-content\/uploads\/2017\/02\/Main_Site_06-400x400.jpg\" class=\"gall-img-responsive\" style=\"display:none !important; visibility:hidden\" alt=\"\">\n\t\t\t\t\t\t\t\t\t\t\t<div class=\"b-link-flow b-animate-go\">\n\t\t\t\t\t\t\t\t\t\t\t\t<img decoding=\"async\" src=\"https:\/\/kaltenecker-haus.com\/wp-content\/uploads\/2017\/02\/Main_Site_06-400x400.jpg\" class=\"gall-img-responsive\" alt=\"\">\n\t\t\t\t\t\t\t\t\t\t\t<\/div>\n\t\t\t\t\t\t\t\t\t\t<\/a>\n\t\t\t\t\t\t\t\t\t\t\t\t\t\t\t\t\t\t\n\t\t\t\t\t\t\t\t\n\t\t\t\t\t\t\t\t<!--Gallery Label-->\n\t\t\t\t\t\t\t\t\t\t\t\t\t\t\t<\/div>\n\t\t\t\t\t\t<\/div>\n\t\t\t\t\t\t\t\t\t\t<\/div>\n\t\t\t\t\t\t<\/div>\n\t\t\t\t\n\t\t    <\/div>\n\n\t<!-- Photo box-->\n    \t\n\t\n\t<!-- Swipe Box-->\n\t\t\n\t<!-- Ion box-->\n\t\t\n\t\n\t<!-- Fancy box-->\n\t\t<script type=\"text\/javascript\">\n\tjQuery(document).ready(function() {\n\t\tjQuery('.fancybox').fancybox();\n\t});\n\t<\/script>\n\t\t\t\n        \n<div id=\"slider_69e22b3c97568\" class=\"slider_instance\" style=\"position: relative;\" data-options=\"{&quot;id&quot;:1,&quot;name&quot;:&quot;slider 1&quot;,&quot;instanceName&quot;:&quot;slider 1&quot;,&quot;date&quot;:&quot;2021-06-28 20:34:17&quot;,&quot;status&quot;:&quot;published&quot;,&quot;layerWidth&quot;:&quot;100%&quot;,&quot;layerHeight&quot;:&quot;100%&quot;,&quot;shadow&quot;:&quot;effect1&quot;,&quot;mode&quot;:&quot;webgl&quot;,&quot;initialSlide&quot;:0,&quot;grabCursor&quot;:true,&quot;stopOnLastSlide&quot;:false,&quot;showSlidesRandomOrder&quot;:false,&quot;preloadFirstSlide&quot;:false,&quot;width&quot;:1000,&quot;height&quot;:400,&quot;responsive&quot;:false,&quot;ratio&quot;:2,&quot;forceResponsive&quot;:false,&quot;fullscreen&quot;:false,&quot;layerStarOnTransitionStart&quot;:true,&quot;autoplay&quot;:{&quot;enable&quot;:true,&quot;delay&quot;:3000,&quot;progress&quot;:false,&quot;pauseOnHover&quot;:false,&quot;reverseDirection&quot;:false},&quot;buttons&quot;:{&quot;pauseVisible&quot;:false,&quot;muteVisible&quot;:false},&quot;resetVideos&quot;:false,&quot;videoAutoplay&quot;:true,&quot;navigation&quot;:{&quot;enable&quot;:false,&quot;style&quot;:&quot;effect6&quot;},&quot;keyboard&quot;:{&quot;enable&quot;:true},&quot;wheelNavigation&quot;:{&quot;enable&quot;:true,&quot;stopOnLast&quot;:false,&quot;interval&quot;:2000},&quot;pagination&quot;:{&quot;enable&quot;:false,&quot;style&quot;:&quot;effect6&quot;,&quot;clickable&quot;:false,&quot;dynamicBullets&quot;:false},&quot;thumbs&quot;:{&quot;enable&quot;:false,&quot;position&quot;:&quot;bottom&quot;,&quot;thumbWidth&quot;:100,&quot;thumbHeight&quot;:60,&quot;spaceAround&quot;:3,&quot;spaceBetween&quot;:3,&quot;outsideSlider&quot;:true,&quot;centered&quot;:true},&quot;hashNavigation&quot;:{&quot;enable&quot;:false},&quot;loading&quot;:{&quot;fadeEffect&quot;:true,&quot;backgroundColor&quot;:&quot;#FFFFFF&quot;,&quot;color&quot;:&quot;#262626&quot;,&quot;style&quot;:&quot;style1&quot;},&quot;lightbox&quot;:{&quot;backgroundColor&quot;:&quot;#000000F2&quot;,&quot;closeColor&quot;:&quot;#FFFFFF&quot;},&quot;slides&quot;:[{&quot;src&quot;:&quot;https:\\\/\\\/kaltenecker-haus.com\\\/wp-content\\\/uploads\\\/2021\\\/07\\\/20210704_190602-scaled.jpg&quot;,&quot;thumbSrc&quot;:&quot;https:\\\/\\\/kaltenecker-haus.com\\\/wp-content\\\/uploads\\\/2021\\\/07\\\/20210704_190602-300x169.jpg&quot;},{&quot;src&quot;:&quot;https:\\\/\\\/kaltenecker-haus.com\\\/wp-content\\\/uploads\\\/2021\\\/07\\\/20210704_185231-scaled.jpg&quot;,&quot;thumbSrc&quot;:&quot;https:\\\/\\\/kaltenecker-haus.com\\\/wp-content\\\/uploads\\\/2021\\\/07\\\/20210704_185231-300x169.jpg&quot;},{&quot;src&quot;:&quot;https:\\\/\\\/kaltenecker-haus.com\\\/wp-content\\\/uploads\\\/2021\\\/07\\\/20210704_184951-scaled.jpg&quot;,&quot;thumbSrc&quot;:&quot;https:\\\/\\\/kaltenecker-haus.com\\\/wp-content\\\/uploads\\\/2021\\\/07\\\/20210704_184951-300x169.jpg&quot;},{&quot;src&quot;:&quot;https:\\\/\\\/kaltenecker-haus.com\\\/wp-content\\\/uploads\\\/2021\\\/07\\\/20210704_180920-scaled.jpg&quot;,&quot;thumbSrc&quot;:&quot;https:\\\/\\\/kaltenecker-haus.com\\\/wp-content\\\/uploads\\\/2021\\\/07\\\/20210704_180920-300x169.jpg&quot;},{&quot;src&quot;:&quot;https:\\\/\\\/kaltenecker-haus.com\\\/wp-content\\\/uploads\\\/2021\\\/07\\\/20210704_182148-scaled.jpg&quot;,&quot;thumbSrc&quot;:&quot;https:\\\/\\\/kaltenecker-haus.com\\\/wp-content\\\/uploads\\\/2021\\\/07\\\/20210704_182148-300x169.jpg&quot;},{&quot;src&quot;:&quot;https:\\\/\\\/kaltenecker-haus.com\\\/wp-content\\\/uploads\\\/2021\\\/07\\\/20210704_183801-scaled.jpg&quot;,&quot;thumbSrc&quot;:&quot;https:\\\/\\\/kaltenecker-haus.com\\\/wp-content\\\/uploads\\\/2021\\\/07\\\/20210704_183801-300x169.jpg&quot;},{&quot;src&quot;:&quot;https:\\\/\\\/kaltenecker-haus.com\\\/wp-content\\\/uploads\\\/2021\\\/07\\\/20210704_183213-scaled.jpg&quot;,&quot;thumbSrc&quot;:&quot;https:\\\/\\\/kaltenecker-haus.com\\\/wp-content\\\/uploads\\\/2021\\\/07\\\/20210704_183213-300x169.jpg&quot;},{&quot;src&quot;:&quot;https:\\\/\\\/kaltenecker-haus.com\\\/wp-content\\\/uploads\\\/2021\\\/07\\\/20210704_185739-scaled.jpg&quot;,&quot;thumbSrc&quot;:&quot;https:\\\/\\\/kaltenecker-haus.com\\\/wp-content\\\/uploads\\\/2021\\\/07\\\/20210704_185739-300x169.jpg&quot;},{&quot;src&quot;:&quot;https:\\\/\\\/kaltenecker-haus.com\\\/wp-content\\\/uploads\\\/2021\\\/07\\\/20210704_183949-scaled.jpg&quot;,&quot;thumbSrc&quot;:&quot;https:\\\/\\\/kaltenecker-haus.com\\\/wp-content\\\/uploads\\\/2021\\\/07\\\/20210704_183949-300x169.jpg&quot;}],&quot;fullscreenTablet&quot;:false,&quot;fullscreenMobile&quot;:false,&quot;widthMobile&quot;:1000,&quot;widthTablet&quot;:1000,&quot;heightMobile&quot;:400,&quot;heightTablet&quot;:400,&quot;responsiveMobile&quot;:false,&quot;responsiveTablet&quot;:false,&quot;forceResponsiveMobile&quot;:false,&quot;forceResponsiveTablet&quot;:false,&quot;lightboxMode&quot;:[],&quot;lightboxModeMobile&quot;:[],&quot;lightboxModeTablet&quot;:[],&quot;rootFolder&quot;:&quot;https:\\\/\\\/kaltenecker-haus.com\\\/wp-content\\\/plugins\\\/transition-slider-lite\\\/&quot;}\"><\/div>\n<\/div>\n<h1 style=\"text-align: center;\"><strong><br class=\"clear\" \/>Priser<\/strong><\/h1>\n<div>\n<table class=\"pricing-table\" style=\"height: 156px;\" width=\"836\">\n<tbody>\n<tr class=\"table-title\">\n<td style=\"text-align: left;\">2026<\/td>\n<td style=\"text-align: left;\">Rom med 2 Senger<\/td>\n<td style=\"text-align: left;\">Rom med 3 Senger<\/td>\n<td style=\"text-align: left;\">Leilighet<\/td>\n<\/tr>\n<tr class=\"table-description\">\n<td style=\"text-align: left;\">April 15 &#8211; Juni 10<\/td>\n<td style=\"text-align: left;\">21.000 HUF<\/td>\n<td style=\"text-align: left;\">25.000 HUF<\/td>\n<td style=\"text-align: left;\">31.000 HUF<\/td>\n<\/tr>\n<tr class=\"table-description\">\n<td style=\"text-align: left;\">Juni 11 &#8211; Juli 04<\/td>\n<td style=\"text-align: left;\">23.000 HUF<\/td>\n<td style=\"text-align: left;\">26.000 HUF<\/td>\n<td style=\"text-align: left;\">32.000 HUF<\/td>\n<\/tr>\n<tr class=\"table-description\">\n<td style=\"text-align: left;\">Juli 05 &#8211; August 24<\/td>\n<td style=\"text-align: left;\">26.000 HUF<\/td>\n<td style=\"text-align: left;\">30.000 HUF<\/td>\n<td style=\"text-align: left;\">36.000 HUF<\/td>\n<\/tr>\n<tr class=\"table-description\">\n<td style=\"text-align: left;\">August 25 &#8211; Sept 05<\/td>\n<td style=\"text-align: left;\">23.000 HUF<\/td>\n<td style=\"text-align: left;\">26.000 HUF<\/td>\n<td style=\"text-align: left;\">32.000 HUF<\/td>\n<\/tr>\n<tr class=\"table-description\">\n<td style=\"text-align: left;\">Sept 06 &#8211; Okt 15<\/td>\n<td style=\"text-align: left;\">21.000 HUF<\/td>\n<td style=\"text-align: left;\">25.000 HUF<\/td>\n<td style=\"text-align: left;\">31.000 HUF<\/td>\n<\/tr>\n<\/tbody>\n<\/table>\n<\/div>\n<div><\/div>\n<div class=\"info_box\" style=\"text-align: center;\">Barn under 4 \u00e5r er gratis, og over 4 \u00e5r for ekstra seng, 50%.<br \/>\n<span class=\"hihglight2\">Gratis WLAN og Klimaanlegg!<\/span><\/div>\n<h1 style=\"text-align: center;\">Takk for din interesse!<\/h1>\n<h3 style=\"text-align: center;\"><em>Vi oppdaterer nettsiden v\u00e5r ofte, s\u00e5 dere f\u00e5r alltid de nyeste informasjonen og bilder!<br \/>\nOppdatert: 18. Jan 2026<\/em><\/h3>\n","protected":false},"excerpt":{"rendered":"<p>Velkommen til v\u00e5rt nettside! V\u00e5r hjemmeside er laget spesielt for dere, som har tenkt til \u00e5 reise til Balatonf\u00fcred. Vi oppdaterer hjemmesiden v\u00e5r jevnlig slik dere f\u00e5r alltid\u00a0 aktuelle informasjon. Kaltenecker-Huset har flere luftkondisjonerte leiligheter, og flere &#8220;Rom med bad&#8221;. Vi har leiligheter som rommer 2-3-4-5 grupper av mennesker, s\u00e5 vi kan im\u00f8tekomme fra en [&hellip;]<\/p>\n","protected":false},"author":1,"featured_media":0,"parent":0,"menu_order":0,"comment_status":"open","ping_status":"open","template":"template-home.php","meta":{"footnotes":""},"class_list":["post-1316","page","type-page","status-publish","hentry"],"_links":{"self":[{"href":"https:\/\/kaltenecker-haus.com\/index.php?rest_route=\/wp\/v2\/pages\/1316","targetHints":{"allow":["GET"]}}],"collection":[{"href":"https:\/\/kaltenecker-haus.com\/index.php?rest_route=\/wp\/v2\/pages"}],"about":[{"href":"https:\/\/kaltenecker-haus.com\/index.php?rest_route=\/wp\/v2\/types\/page"}],"author":[{"embeddable":true,"href":"https:\/\/kaltenecker-haus.com\/index.php?rest_route=\/wp\/v2\/users\/1"}],"replies":[{"embeddable":true,"href":"https:\/\/kaltenecker-haus.com\/index.php?rest_route=%2Fwp%2Fv2%2Fcomments&post=1316"}],"version-history":[{"count":100,"href":"https:\/\/kaltenecker-haus.com\/index.php?rest_route=\/wp\/v2\/pages\/1316\/revisions"}],"predecessor-version":[{"id":1898,"href":"https:\/\/kaltenecker-haus.com\/index.php?rest_route=\/wp\/v2\/pages\/1316\/revisions\/1898"}],"wp:attachment":[{"href":"https:\/\/kaltenecker-haus.com\/index.php?rest_route=%2Fwp%2Fv2%2Fmedia&parent=1316"}],"curies":[{"name":"wp","href":"https:\/\/api.w.org\/{rel}","templated":true}]}}